{"id":141,"date":"2020-11-25T23:16:14","date_gmt":"2020-11-25T23:16:14","guid":{"rendered":"https:\/\/www.rocasolutions.es\/?page_id=141"},"modified":"2020-11-26T16:43:17","modified_gmt":"2020-11-26T16:43:17","slug":"141-2","status":"publish","type":"page","link":"https:\/\/www.rocasolutions.es\/?page_id=141","title":{"rendered":"Aviso Legal"},"content":{"rendered":"<p>[et_pb_section fb_built=\u00bb1&#8243; admin_label=\u00bbService Section\u00bb _builder_version=\u00bb3.22&#8243; custom_margin=\u00bb|||\u00bb custom_padding=\u00bb0px||110px|||\u00bb][et_pb_row _builder_version=\u00bb4.7.4&#8243; _module_preset=\u00bbdefault\u00bb][et_pb_column type=\u00bb4_4&#8243; _builder_version=\u00bb4.7.4&#8243; _module_preset=\u00bbdefault\u00bb][et_pb_text _builder_version=\u00bb4.7.4&#8243; _module_preset=\u00bbdefault\u00bb]<\/p>\n<section class=\"contenidos contenidos-sm tipo-directorio color-white\">\n<div class=\"container\">\n<div class=\"row justify-content-center\">\n<div class=\"col-lg-10\">\n<h2><\/h2>\n<h2>Terminos del Aviso Legal<\/h2>\n<p>&nbsp;<\/p>\n<\/div>\n<\/div>\n<div class=\"row justify-content-center\">\n<div class=\"col-lg-10\">\n<section class=\"apartado\">\n<h3>Identificaci\u00f3n del titular<\/h3>\n<p>En cumplimiento con el deber de informaci\u00f3n seg\u00fan la normativa aplicable en materia de servicios de sociedad de la informaci\u00f3n y de comercio electr\u00f3nico, a continuaci\u00f3n se reflejan los siguientes datos del titular del presente sitio web:<\/p>\n<ul>\n<li><b>Titular:<\/b> Roca Gestiones Line S.L (en adelante Roca)<\/li>\n<li><b>Domicilio:<\/b> Calle Aragon, 436 &#8211; 08018 &#8211; Barcelona<\/li>\n<li><b>Correo electr\u00f3nico:<\/b>\u00a0<a href=\"mailto:info@rocasolutions.es\">info@rocasolutions.es<\/a><\/li>\n<li><b>Tel\u00e9fono:<\/b> +34 933 930 193<\/li>\n<li><b>C.I.F.:<\/b> B67529461<\/li>\n<\/ul>\n<p>El acceso y\/o uso del sitio web atribuye la condici\u00f3n de usuario, que acepta, desde dicho acceso y\/o uso, las Condiciones Generales de Uso aqu\u00ed reflejadas.<\/p>\n<p>&nbsp;<\/p>\n<\/section>\n<section class=\"apartado\">\n<h3>Propiedad intelectual y uso de los contenidos<\/h3>\n<div>\n<p>Todos los contenidos del presente sitio web (textos, im\u00e1genes, sonidos, v\u00eddeos, animaciones, c\u00f3digo fuente, marcas, logotipos) son propiedad intelectual de Roca salvo aquellos contenidos correspondientes a terceros con los que se ha firmado el correspondiente contrato para la provisi\u00f3n de dichos contenidos.<\/p>\n<p>En virtud de lo dispuesto en la Ley de Propiedad Intelectual, quedan expresamente prohibidas la reproducci\u00f3n, la distribuci\u00f3n y la comunicaci\u00f3n p\u00fablica, incluida su modalidad de puesta a disposici\u00f3n, de la totalidad o parte de los contenidos de esta p\u00e1gina web, con fines comerciales, en cualquier soporte y por cualquier medio t\u00e9cnico, sin la autorizaci\u00f3n de Roca.<\/p>\n<p>El usuario se compromete a respetar los derechos de Propiedad Intelectual, en cualquier caso, el usuario podr\u00e1 visualizar los elementos del sitio web, imprimirlos e incluso copiarlos y almacenarlos en cualquier soporte f\u00edsico siempre y cuando sea, \u00fanica y exclusivamente, para su uso personal y dichos contenidos no sean posteriormente cedidos o transmitidos a terceros o se instalen en un servidor conectado directa o indirectamente a Internet o a una red local, de forma que sea posible el acceso de terceros a los contenidos por otro medio distinto al del presente sitio web.<\/p>\n<p>&nbsp;<\/p>\n<\/div>\n<\/section>\n<section class=\"apartado\">\n<h3>Hiperenlaces<\/h3>\n<p>Los hiperenlaces o links que contiene este sitio web pueden conducir al usuario hac\u00eda otros sitios y p\u00e1ginas web gestionados por terceros, Roca no ejercer\u00e1 ning\u00fan tipo de control sobre dichos sitios y contenidos.<\/p>\n<p>En ning\u00fan caso Roca asumir\u00e1 responsabilidad alguna por los contenidos de dichos sitios web ajenos, ni garantizar\u00e1 la disponibilidad t\u00e9cnica, calidad, fiabilidad, exactitud, amplitud, veracidad, validez y constitucionalidad de cualquier material o informaci\u00f3n contenida en ninguno de dichos sitios web.<\/p>\n<p>Igualmente la inclusi\u00f3n de estas conexiones externas no implicar\u00e1 ning\u00fan tipo de asociaci\u00f3n, fusi\u00f3n o participaci\u00f3n con las entidades conectadas.<\/p>\n<p>&nbsp;<\/p>\n<\/section>\n<section class=\"apartado\">\n<h3>Modificaciones<\/h3>\n<p>Con el fin de mejorar el sitio web, Roca se reserva el derecho de efectuar en cualquier momento y sin previo aviso las modificaciones que considere oportunas, pudiendo cambiar tanto la estructura y dise\u00f1o del sitio como ampliar, suprimir o modificar los contenidos y servicios del mismo, de forma unilateral.<\/p>\n<p>Asimismo se reserva el derecho de modificar en cualquier momento las presentes condiciones de uso del sitio web.<\/p>\n<p>&nbsp;<\/p>\n<\/section>\n<section class=\"apartado\">\n<h3>Excluisi\u00f3n de responsabilidad<\/h3>\n<p>\u00a0El usuario es consciente y acepta voluntariamente que el uso de cualesquier contenido de este sitio web tiene lugar, bajo su \u00fanica y exclusiva responsabilidad. Roca no se hace responsable, en ning\u00fan caso, de los da\u00f1os y perjuicios de cualquier naturaleza que se pudieran ocasionar por la utilizaci\u00f3n de este sitio web.<\/p>\n<p>A t\u00edtulo enunciativo y sin que se limite a \u00e9stas, Roca no se responsabiliza de las siguientes circunstancias: errores u omisiones en los contenidos, falta de disponibilidad del sitio web o la transmisi\u00f3n de virus o programas maliciosos o lesivos en los contenidos, a pesar de haber adoptado todas las medidas tecnol\u00f3gicas necesarias para evitarlo.<\/p>\n<p>&nbsp;<\/p>\n<\/section>\n<section class=\"apartado\">\n<h3>Legislaci\u00f3n aplicable<\/h3>\n<p>El presente Aviso Legal se regir\u00e1 por la normativa espa\u00f1ola vigente y cualquier controversia se someter\u00e1 a los Juzgados y tribunales de la ciudad de Barcelona.<\/p>\n<\/section>\n<\/div>\n<\/div>\n<\/div>\n<\/section>\n<p>[\/et_pb_text][\/et_pb_column][\/et_pb_row][\/et_pb_section]<\/p>\n","protected":false},"excerpt":{"rendered":"<p>Terminos del Aviso Legal &nbsp; Identificaci\u00f3n del titular En cumplimiento con el deber de informaci\u00f3n seg\u00fan la normativa aplicable en materia de servicios de sociedad de la informaci\u00f3n y de comercio electr\u00f3nico, a continuaci\u00f3n se reflejan los siguientes datos del titular del presente sitio web: Titular: Roca Gestiones Line S.L (en adelante Roca) Domicilio: Calle [&hellip;]<\/p>\n","protected":false},"author":1,"featured_media":0,"parent":0,"menu_order":0,"comment_status":"closed","ping_status":"closed","template":"","meta":{"_et_pb_use_builder":"on","_et_pb_old_content":"","_et_gb_content_width":"","footnotes":""},"_links":{"self":[{"href":"https:\/\/www.rocasolutions.es\/index.php?rest_route=\/wp\/v2\/pages\/141"}],"collection":[{"href":"https:\/\/www.rocasolutions.es\/index.php?rest_route=\/wp\/v2\/pages"}],"about":[{"href":"https:\/\/www.rocasolutions.es\/index.php?rest_route=\/wp\/v2\/types\/page"}],"author":[{"embeddable":true,"href":"https:\/\/www.rocasolutions.es\/index.php?rest_route=\/wp\/v2\/users\/1"}],"replies":[{"embeddable":true,"href":"https:\/\/www.rocasolutions.es\/index.php?rest_route=%2Fwp%2Fv2%2Fcomments&post=141"}],"version-history":[{"count":6,"href":"https:\/\/www.rocasolutions.es\/index.php?rest_route=\/wp\/v2\/pages\/141\/revisions"}],"predecessor-version":[{"id":199,"href":"https:\/\/www.rocasolutions.es\/index.php?rest_route=\/wp\/v2\/pages\/141\/revisions\/199"}],"wp:attachment":[{"href":"https:\/\/www.rocasolutions.es\/index.php?rest_route=%2Fwp%2Fv2%2Fmedia&parent=141"}],"curies":[{"name":"wp","href":"https:\/\/api.w.org\/{rel}","templated":true}]}}