{"id":149,"date":"2020-11-25T23:20:43","date_gmt":"2020-11-25T23:20:43","guid":{"rendered":"https:\/\/www.rocasolutions.es\/?page_id=149"},"modified":"2020-11-26T16:46:16","modified_gmt":"2020-11-26T16:46:16","slug":"149-2","status":"publish","type":"page","link":"https:\/\/www.rocasolutions.es\/?page_id=149","title":{"rendered":"Pol\u00edtica de Privacidad y Protecci\u00f3n de Datos"},"content":{"rendered":"<p>[et_pb_section fb_built=\u00bb1&#8243; _builder_version=\u00bb4.7.4&#8243; _module_preset=\u00bbdefault\u00bb custom_padding=\u00bb0px|||||\u00bb][et_pb_row _builder_version=\u00bb4.7.4&#8243; _module_preset=\u00bbdefault\u00bb custom_padding=\u00bb0px|||||\u00bb][et_pb_column type=\u00bb4_4&#8243; _builder_version=\u00bb4.7.4&#8243; _module_preset=\u00bbdefault\u00bb][et_pb_text _builder_version=\u00bb4.7.4&#8243; _module_preset=\u00bbdefault\u00bb custom_padding=\u00bb||38px|||\u00bb]<\/p>\n<section class=\"contenidos contenidos-sm color-white\">\n<div class=\"container\">\n<div class=\"row justify-content-center\">\n<div class=\"col-lg-10\">\n<h2><\/h2>\n<h2>Pol\u00edtica de Privacidad y Protecci\u00f3n de Datos<\/h2>\n<p>&nbsp;<\/p>\n<p>En cumplimiento de lo establecido en la Ley 3\/2018 de 5 de diciembre de protecci\u00f3n de datos, as\u00ed como en el Reglamento UE 2016\/679 del Parlamento Europeo y del Consejo, de 27 de abril de 2016, le informamos que los datos personales facilitados mediante la cumplimentaci\u00f3n de cualquier formulario de esta web o facilitados mediante el env\u00edo de correos electr\u00f3nicos a cualquier direcci\u00f3n del tipo <i>\u00abcuenta@rocasolutions.es\u00bb<\/i>, ser\u00e1n incorporados y tratados en un fichero automatizado, titularidad de Roca Gestiones Line S.L (en adelante Roca) con la finalidad de poder gestionar su solicitud, as\u00ed como para enviarle informaci\u00f3n de contenido comercial o promocional sobre productos, servicios, noticias o eventos relacionados con Evoloom, por cualquier medio incluido el correo electr\u00f3nico.<\/p>\n<p>&nbsp;<\/p>\n<\/div>\n<\/div>\n<div class=\"row justify-content-center\">\n<div class=\"col-lg-10\">\n<div class=\"apartado\">\n<p>Roca se compromete a tratar de forma confidencial los datos de car\u00e1cter personal facilitados y a no comunicar o ceder dicha informaci\u00f3n a terceros.<\/p>\n<p>Usted podr\u00e1 de forma libre y voluntaria facilitar la informaci\u00f3n que se le pide en los formularios salvo en los campos que aparecen como obligatorios. La no introducci\u00f3n de la informaci\u00f3n solicitada como obligatoria podr\u00e1 tener como consecuencia que no pueda atenderse su solicitud.<\/p>\n<p>Asimismo, le informamos de la posibilidad de ejercer sus derechos de acceso, rectificaci\u00f3n, supresi\u00f3n, oposici\u00f3n, portabilidad de datos, limitaci\u00f3n del tratamiento y olvido en los t\u00e9rminos establecidos en la legislaci\u00f3n vigente, que podr\u00e1 hacer efectivos dirigi\u00e9ndose por escrito Roca Gestiones Line S.L adjuntando fotocopia de su DNI o documento de identificaci\u00f3n equivalente, a la direcci\u00f3n situada en Calle Aragon, 436 &#8211; 08018 \u2013 Barcelona. O bi\u00e9n a trav\u00e9s de la direcci\u00f3n de correo electr\u00f3nico <a href=\"mailto:soporte.tecnico@rocagestiones.es\"><\/a><a href=\"mailto:info@rocasolutions.es\">info@rocasolutions.es.<\/a><\/p>\n<\/div>\n<\/div>\n<\/div>\n<\/div>\n<\/section>\n<p>[\/et_pb_text][\/et_pb_column][\/et_pb_row][\/et_pb_section]<\/p>\n","protected":false},"excerpt":{"rendered":"<p>Pol\u00edtica de Privacidad y Protecci\u00f3n de Datos &nbsp; En cumplimiento de lo establecido en la Ley 3\/2018 de 5 de diciembre de protecci\u00f3n de datos, as\u00ed como en el Reglamento UE 2016\/679 del Parlamento Europeo y del Consejo, de 27 de abril de 2016, le informamos que los datos personales facilitados mediante la cumplimentaci\u00f3n de [&hellip;]<\/p>\n","protected":false},"author":1,"featured_media":0,"parent":0,"menu_order":0,"comment_status":"closed","ping_status":"closed","template":"","meta":{"_et_pb_use_builder":"on","_et_pb_old_content":"","_et_gb_content_width":"","footnotes":""},"_links":{"self":[{"href":"https:\/\/www.rocasolutions.es\/index.php?rest_route=\/wp\/v2\/pages\/149"}],"collection":[{"href":"https:\/\/www.rocasolutions.es\/index.php?rest_route=\/wp\/v2\/pages"}],"about":[{"href":"https:\/\/www.rocasolutions.es\/index.php?rest_route=\/wp\/v2\/types\/page"}],"author":[{"embeddable":true,"href":"https:\/\/www.rocasolutions.es\/index.php?rest_route=\/wp\/v2\/users\/1"}],"replies":[{"embeddable":true,"href":"https:\/\/www.rocasolutions.es\/index.php?rest_route=%2Fwp%2Fv2%2Fcomments&post=149"}],"version-history":[{"count":6,"href":"https:\/\/www.rocasolutions.es\/index.php?rest_route=\/wp\/v2\/pages\/149\/revisions"}],"predecessor-version":[{"id":201,"href":"https:\/\/www.rocasolutions.es\/index.php?rest_route=\/wp\/v2\/pages\/149\/revisions\/201"}],"wp:attachment":[{"href":"https:\/\/www.rocasolutions.es\/index.php?rest_route=%2Fwp%2Fv2%2Fmedia&parent=149"}],"curies":[{"name":"wp","href":"https:\/\/api.w.org\/{rel}","templated":true}]}}