{"id":154,"date":"2020-11-25T23:26:16","date_gmt":"2020-11-25T23:26:16","guid":{"rendered":"https:\/\/www.rocasolutions.es\/?page_id=154"},"modified":"2020-11-26T16:41:11","modified_gmt":"2020-11-26T16:41:11","slug":"154-2","status":"publish","type":"page","link":"https:\/\/www.rocasolutions.es\/?page_id=154","title":{"rendered":"Pol\u00edtica de Cookies"},"content":{"rendered":"<p>[et_pb_section fb_built=\u00bb1&#8243; _builder_version=\u00bb4.7.4&#8243; _module_preset=\u00bbdefault\u00bb custom_padding=\u00bb0px|||||\u00bb][et_pb_row _builder_version=\u00bb4.7.4&#8243; _module_preset=\u00bbdefault\u00bb][et_pb_column type=\u00bb4_4&#8243; _builder_version=\u00bb4.7.4&#8243; _module_preset=\u00bbdefault\u00bb][et_pb_text _builder_version=\u00bb4.7.4&#8243; _module_preset=\u00bbdefault\u00bb]<\/p>\n<section class=\"contenidos contenidos-sm tipo-directorio color-white\">\n<div class=\"container\">\n<div class=\"row justify-content-center\">\n<div class=\"col-lg-10\">\n<h2>Pol\u00edtica de Cookies<\/h2>\n<\/div>\n<\/div>\n<div class=\"row justify-content-center\">\n<div class=\"col-lg-10\">\n<p>La presente pol\u00edtica de cookies tiene por finalidad informarle de manera clara y precisa sobre las cookies que se utilizan en la p\u00e1gina web de Roca Gestiones Line S.L (en adelante Roca)<\/p>\n<p>Al entrar en esta web ya has sido informado sobre la utilizaci\u00f3n de las cookies a trav\u00e9s de un aviso o alerta. Si has accedido y sigues navegando, est\u00e1s aceptando la instalaci\u00f3n de estas cookies.<\/p>\n<p>&nbsp;<\/p>\n<section class=\"apartado\">\n<h3>\u00bfQu\u00e9 son las cookies?<\/h3>\n<p>Una cookie es un fichero que se descarga en tu ordenador o equipo al acceder a determinadas p\u00e1ginas web. Las cookies permiten a una p\u00e1gina web, entre otras cosas, almacenar y recuperar informaci\u00f3n sobre los h\u00e1bitos de navegaci\u00f3n del Usuario o de su equipo y, dependiendo de la informaci\u00f3n que contengan y de la forma en que utilice tu equipo, pueden utilizarse para reconocer al Usuario.<\/p>\n<p>Las cookies se pueden clasificar en diferentes tipos en base a una serie de categorias. A\u00fan as\u00ed, es necesario tener en cuenta que una misma cookie puede estar incluida en m\u00e1s de una categor\u00eda.<\/p>\n<p><b><ins>1. Tipos de cookies seg\u00fan qui\u00e9n las gestione<\/ins><\/b><\/p>\n<ul>\n<li><b>Cookies propias:<\/b> Son aqu\u00e9llas que se env\u00edan al equipo terminal del usuario desde un equipo o dominio gestionado por el propio editor y desde el que se presta el servicio solicitado por el usuario.<\/li>\n<li><b>Cookies de tercero:<\/b> Son aqu\u00e9llas que se env\u00edan al equipo terminal del usuario desde un equipo o dominio que no es gestionado por el editor, sino por otra entidad que trata los datos obtenidos trav\u00e9s de las cookies.<\/li>\n<\/ul>\n<p><b><ins>2. Tipos de cookies seg\u00fan el tiempo que permanecen activadas en el equipo<\/ins><\/b><\/p>\n<ul>\n<li><b>Cookies de sesi\u00f3n:<\/b> Son un tipo de cookies dise\u00f1adas para recabar y almacenar datos mientras el usuario accede a una p\u00e1gina web.<\/li>\n<li><b>Cookies persistentes:<\/b> Son un tipo de cookies en el que los datos siguen almacenados en el terminal y pueden ser accedidos y tratados durante un periodo definido por el responsable de la cookie, y que puede ir de unos minutos a varios a\u00f1os.<\/li>\n<\/ul>\n<p><b><ins>3. Tipos de cookies seg\u00fan su finalidad<\/ins><\/b><\/p>\n<p>Por \u00faltimo, existe otra clasificaci\u00f3n con cinco tipos de cookies seg\u00fan la finalidad para la que se traten los datos obtenidos: cookies t\u00e9cnicas, cookies de personalizaci\u00f3n, cookies de an\u00e1lisis, cookies publicitarias y cookies de publicidad comportamental.<\/p>\n<p>Para m\u00e1s informaci\u00f3n relacionada con las cookies y su uso, puede consultar la <a href=\"https:\/\/www.agpd.es\/portalwebAGPD\/canaldocumentacion\/publicaciones\/common\/Guias\/Guia_Cookies.pdf\" target=\"_blank\" rel=\"noopener noreferrer\">Gu\u00eda sobre el uso de las cookies de la Agencia Espa\u00f1ola de Protecci\u00f3n de Datos<\/a>.<\/p>\n<p>&nbsp;<\/p>\n<\/section>\n<section class=\"apartado\">\n<h3>\u00bfQu\u00e9 tipos de cookies utiliza esta p\u00e1gina web?<\/h3>\n<p>&nbsp;<\/p>\n<p>Siguiendo las directrices de la Agencia Espa\u00f1ola de Protecci\u00f3n de Datos procedemos a detallar que la presente web utiliza: cookies de sesi\u00f3n y cookies persistentes que, a su vez, pueden ser cookies propias y\/o de terceros. Y atendiendo a la finalidad de las cookies, indicar que el sitio web hace uso de:<\/p>\n<ul>\n<li><b>Cookies t\u00e9cnicas:<\/b> Son aqu\u00e9llas que permiten al usuario la navegaci\u00f3n a trav\u00e9s de una p\u00e1gina web, plataforma o aplicaci\u00f3n y la utilizaci\u00f3n de las diferentes opciones o servicios que en ella existan como, por ejemplo, controlar el tr\u00e1fico y la comunicaci\u00f3n de datos, identificar la sesi\u00f3n, acceder a partes de acceso restringido, recordar los elementos que integran un pedido, realizar el proceso de compra de un pedido, realizar la solicitud de inscripci\u00f3n o participaci\u00f3n en un evento, utilizar elementos de seguridad durante la navegaci\u00f3n, almacenar contenidos para la difusi\u00f3n de v\u00eddeos o sonido o compartir contenidos a trav\u00e9s de redes sociales.<\/li>\n<li><b>Cookies de an\u00e1lisis:<\/b> Son aqu\u00e9llas que bien tratadas por nosotros o por terceros, nos permiten cuantificar el n\u00famero de usuarios y as\u00ed realizar la medici\u00f3n y an\u00e1lisis estad\u00edstico de la utilizaci\u00f3n que hacen los usuarios del servicio ofertado. Para ello se analiza su navegaci\u00f3n en nuestra p\u00e1gina web con el fin de mejorar la oferta de productos o servicios que le ofrecemos.<\/li>\n<\/ul>\n<\/section>\n<section class=\"apartado\">\n<h3>Cookies de terceros<\/h3>\n<p>En particular, este sitio web hace uso de servicios de terceros para recopilar informaci\u00f3n con fines estad\u00edsticos y de uso de la web. En concreto, utiliza Google Analytics, un servicio anal\u00edtica web prestado por Google, Inc. con domicilio en los Estados Unidos. Para la prestaci\u00f3n de estos servicios, Google Analytics utiliza cookies que ayudan a los propietarios de sitios web a medir c\u00f3mo interact\u00faan los usuarios con el contenido del sitio. Para m\u00e1s informacion sobre las cookies que utiliza Google Analytics <a href=\"https:\/\/developers.google.com\/analytics\/devguides\/collection\/analyticsjs\/cookie-usage\" target=\"_blank\" rel=\"noopener noreferrer\">pulse aqu\u00ed<\/a>.<\/p>\n<p>Si lo deses, puede revocar el consentimiento para el uso de cookies en su navegador a trav\u00e9s de las indicaciones que le facilitamos en el apartado siguiente o en el caso de Google Analytics a trav\u00e9s de la instalaci\u00f3n de un sistema de rechazo <i>(\u00abopt-out\u00bb)<\/i> en su navegador. El siguiente enlace facilita dicho sistema de rechazo: <a href=\"https:\/\/tools.google.com\/dlpage\/gaoptout?hl=None\" target=\"_blank\" rel=\"noopener noreferrer\">Opt-out de Google Analytics<\/a><\/p>\n<p>&nbsp;<\/p>\n<p>&nbsp;<\/p>\n<\/section>\n<section class=\"apartado\">\n<h3>Desactivaci\u00f3n de Cookies<\/h3>\n<p>El Usuario, en cualquier momento, puede permitir, bloquear o eliminar las cookies instaladas en su equipo mediante la configuraci\u00f3n de las opciones del navegador que est\u00e9 utilizando para visitar esta web.<\/p>\n<p>A continuaci\u00f3n, mediante los siguientes enlaces, puedes acceder a informaci\u00f3n sobre como modificar la configuraci\u00f3n de los navegadores webs m\u00e1s frecuentes para aceptar, instalar o desactivar las cookies:<\/p>\n<ul>\n<li><a href=\"https:\/\/support.google.com\/chrome\/answer\/95647?hl=es\" target=\"_blank\" rel=\"noopener noreferrer\">Configurar cookies en Google Chrome<\/a><\/li>\n<li><a href=\"https:\/\/support.mozilla.org\/es\/kb\/habilitar-y-deshabilitar-cookies-sitios-web-rastrear-preferencias?redirectlocale=es&amp;redirectslug=habilitar-y-deshabilitar-cookies-que-los-sitios-we\" target=\"_blank\" rel=\"noopener noreferrer\">Configurar cookies en MozillaFirefox<\/a><\/li>\n<li><a href=\"https:\/\/support.microsoft.com\/es-es\/help\/17442\/windows-internet-explorer-delete-manage-cookies\" target=\"_blank\" rel=\"noopener noreferrer\">Configurar cookies en Microsoft Internet Explorer<\/a><\/li>\n<li><a href=\"https:\/\/privacy.microsoft.com\/es-ES\/windows-10-microsoft-edge-and-privacy\" target=\"_blank\" rel=\"noopener noreferrer\">Configurar cookies en Microsoft Edge<\/a><\/li>\n<li><a href=\"https:\/\/support.apple.com\/kb\/ph19214?locale=es_ES\" target=\"_blank\" rel=\"noopener noreferrer\">Configurar cookies en Safari (Apple)<\/a><\/li>\n<li><a href=\"https:\/\/help.opera.com\/Linux\/10.60\/es-ES\/cookies.html\" target=\"_blank\" rel=\"noopener noreferrer\">Configurar cookies en Opera<\/a><\/li>\n<\/ul>\n<p>El Usuario puede eliminar y bloquear todas las cookies que utiliza este sitio web, pero podr\u00eda darse el caso de que no funcionar\u00e1 correctamente o que la calidad de la p\u00e1gina web y de los contenidos pudieran verse afectados.<\/p>\n<p>&nbsp;<\/p>\n<p>&nbsp;<\/p>\n<\/section>\n<section class=\"apartado\">\n<h3>Aceptaci\u00f3n de la pol\u00edtica de cookies<\/h3>\n<p>El Usuario acepta expresamente la presente Pol\u00edtica de Cookies al navegar por la web o al hacer clic en el bot\u00f3n \u00abEntendido\u00bb en la alerta de \u00abAviso de Cookies\u00bb que aparece al entrar por primera vez en la Web. Y asimismo reconoce tener la posibilidad de rechazar el tratamiento de tales datos o informaci\u00f3n rechazando el uso de Cookies mediante la selecci\u00f3n de la configuraci\u00f3n apropiada a tal fin en su navegador.<\/p>\n<p>&nbsp;<\/p>\n<\/section>\n<section class=\"apartado\">\n<h3>Actualizaciones y cambios en la pol\u00edtica de Cookies<\/h3>\n<p>Roca puede modificar esta Pol\u00edtica de Cookies en funci\u00f3n de nuevas exigencias legislativas, reglamentarias, o con la finalidad de adaptar dicha pol\u00edtica a las instrucciones dictadas por la Agencia Espa\u00f1ola de Protecci\u00f3n de Datos.<\/p>\n<p>Si desea m\u00e1s informaci\u00f3n sobre el uso que hacemos de las Cookies, puede enviarnos un e-mail a <a href=\"mailto:info@rocasolutions.es\">info@rocasolutions.es<\/a><\/p>\n<\/section>\n<\/div>\n<\/div>\n<\/div>\n<\/section>\n<p>[\/et_pb_text][\/et_pb_column][\/et_pb_row][\/et_pb_section]<\/p>\n","protected":false},"excerpt":{"rendered":"<p>Pol\u00edtica de Cookies La presente pol\u00edtica de cookies tiene por finalidad informarle de manera clara y precisa sobre las cookies que se utilizan en la p\u00e1gina web de Roca Gestiones Line S.L (en adelante Roca) Al entrar en esta web ya has sido informado sobre la utilizaci\u00f3n de las cookies a trav\u00e9s de un aviso [&hellip;]<\/p>\n","protected":false},"author":1,"featured_media":0,"parent":0,"menu_order":0,"comment_status":"closed","ping_status":"closed","template":"","meta":{"_et_pb_use_builder":"on","_et_pb_old_content":"","_et_gb_content_width":"","footnotes":""},"_links":{"self":[{"href":"https:\/\/www.rocasolutions.es\/index.php?rest_route=\/wp\/v2\/pages\/154"}],"collection":[{"href":"https:\/\/www.rocasolutions.es\/index.php?rest_route=\/wp\/v2\/pages"}],"about":[{"href":"https:\/\/www.rocasolutions.es\/index.php?rest_route=\/wp\/v2\/types\/page"}],"author":[{"embeddable":true,"href":"https:\/\/www.rocasolutions.es\/index.php?rest_route=\/wp\/v2\/users\/1"}],"replies":[{"embeddable":true,"href":"https:\/\/www.rocasolutions.es\/index.php?rest_route=%2Fwp%2Fv2%2Fcomments&post=154"}],"version-history":[{"count":8,"href":"https:\/\/www.rocasolutions.es\/index.php?rest_route=\/wp\/v2\/pages\/154\/revisions"}],"predecessor-version":[{"id":195,"href":"https:\/\/www.rocasolutions.es\/index.php?rest_route=\/wp\/v2\/pages\/154\/revisions\/195"}],"wp:attachment":[{"href":"https:\/\/www.rocasolutions.es\/index.php?rest_route=%2Fwp%2Fv2%2Fmedia&parent=154"}],"curies":[{"name":"wp","href":"https:\/\/api.w.org\/{rel}","templated":true}]}}