{"id":48,"date":"2020-11-25T16:00:10","date_gmt":"2020-11-25T16:00:10","guid":{"rendered":"https:\/\/www.rocasolutions.es\/?page_id=48"},"modified":"2021-03-03T16:04:59","modified_gmt":"2021-03-03T16:04:59","slug":"48-2","status":"publish","type":"page","link":"https:\/\/www.rocasolutions.es\/?page_id=48","title":{"rendered":"Metodolog\u00eda"},"content":{"rendered":"<p>[et_pb_section fb_built=\u00bb1&#8243; admin_label=\u00bbHero\u00bb _builder_version=\u00bb3.22&#8243; background_color=\u00bb#fcd21d\u00bb background_image=\u00bbhttps:\/\/www.rocasolutions.es\/wp-content\/uploads\/2020\/11\/circle-background-pattern.png\u00bb custom_padding=\u00bb29px|0px|14.2px|0px|false|false\u00bb animation_style=\u00bbzoom\u00bb animation_intensity_zoom=\u00bb4%\u00bb][et_pb_row _builder_version=\u00bb4.7.4&#8243; custom_padding=\u00bb18px|||||\u00bb animation_style=\u00bbslide\u00bb animation_direction=\u00bbtop\u00bb animation_intensity_slide=\u00bb3%\u00bb][et_pb_column type=\u00bb4_4&#8243; _builder_version=\u00bb3.25&#8243; custom_padding=\u00bb|||\u00bb custom_padding__hover=\u00bb|||\u00bb][et_pb_text _builder_version=\u00bb4.7.4&#8243; text_font=\u00bbMontserrat|500||on|||||\u00bb text_text_color=\u00bb#353740&#8243; text_font_size=\u00bb16px\u00bb text_letter_spacing=\u00bb3px\u00bb custom_margin=\u00bb||45px|\u00bb animation_style=\u00bbslide\u00bb animation_direction=\u00bbbottom\u00bb locked=\u00bboff\u00bb]<\/p>\n<p>Aprende, experimenta y cuestiona constantemente<\/p>\n<p>[\/et_pb_text][et_pb_text _builder_version=\u00bb3.27.4&#8243; text_font=\u00bb||||||||\u00bb header_font=\u00bbMontserrat|700||on|||||\u00bb header_text_color=\u00bb#f7f7f7&#8243; header_font_size=\u00bb60px\u00bb header_line_height=\u00bb1.3em\u00bb custom_margin=\u00bb-22px||3px|||\u00bb animation_style=\u00bbfade\u00bb header_font_size_last_edited=\u00bboff|desktop\u00bb locked=\u00bboff\u00bb]<\/p>\n<h1>La receta del aprendizaje <span style=\"color: #353740;\">e-learning<br \/><\/span><\/h1>\n<p>[\/et_pb_text][et_pb_text _builder_version=\u00bb3.27.4&#8243; text_font=\u00bbMontserrat||||\u00bb text_text_color=\u00bb#353740&#8243; text_font_size=\u00bb22px\u00bb text_line_height=\u00bb1.8em\u00bb animation_style=\u00bbflip\u00bb animation_intensity_flip=\u00bb20%\u00bb]<\/p>\n<p>Salir de la zona de confort y entrar en la zona de aprendizaje<\/p>\n<p>[\/et_pb_text][\/et_pb_column][\/et_pb_row][\/et_pb_section][et_pb_section fb_built=\u00bb1&#8243; admin_label=\u00bbCreative Process Section\u00bb _builder_version=\u00bb3.22&#8243; custom_padding=\u00bb32px||25px|||\u00bb][et_pb_row column_structure=\u00bb1_3,1_3,1_3&#8243; _builder_version=\u00bb3.25&#8243;][et_pb_column type=\u00bb1_3&#8243; _builder_version=\u00bb3.25&#8243; custom_padding=\u00bb|||\u00bb custom_padding__hover=\u00bb|||\u00bb][et_pb_text _builder_version=\u00bb3.27.4&#8243; text_font=\u00bbMontserrat||||\u00bb text_text_color=\u00bb#747d88&#8243; text_font_size=\u00bb16px\u00bb text_line_height=\u00bb1.8em\u00bb header_font=\u00bb||||||||\u00bb header_4_font=\u00bbMontserrat|600|||||||\u00bb header_4_font_size=\u00bb22px\u00bb custom_padding=\u00bb||0px|||\u00bb animation_style=\u00bbfade\u00bb locked=\u00bboff\u00bb]<\/p>\n<h4>Registra el progreso de los usuarios en tu plataforma LMS<\/h4>\n<p>Guarda los seguimientos del avance de los usuarios en el contenido, pudiendo comprobar el % visitado en cada acceso y la calificaci\u00f3n obtenida.<\/p>\n<p>[\/et_pb_text][et_pb_text _builder_version=\u00bb3.27.4&#8243; text_font=\u00bbMontserrat||||\u00bb text_text_color=\u00bb#747d88&#8243; text_font_size=\u00bb16px\u00bb text_line_height=\u00bb1.8em\u00bb header_font=\u00bb||||||||\u00bb header_4_font=\u00bbMontserrat|600|||||||\u00bb header_4_font_size=\u00bb22px\u00bb custom_padding=\u00bb||0px|||\u00bb animation_style=\u00bbfade\u00bb locked=\u00bboff\u00bb]<\/p>\n<h4>Virtual Call Trainer<\/h4>\n<p>Un simulador de llamadas para el entrenamiento de agentes de contact center que ofrece una formaci\u00f3n completamente adaptada y con casos reales propios de la empresa, reduciendo el tiempo de formaci\u00f3n y los riesgos al enfrentarse a un cliente final.<\/p>\n<p>[\/et_pb_text][\/et_pb_column][et_pb_column type=\u00bb1_3&#8243; _builder_version=\u00bb4.7.4&#8243; _module_preset=\u00bbdefault\u00bb][et_pb_text _builder_version=\u00bb3.27.4&#8243; text_font=\u00bbMontserrat||||\u00bb text_text_color=\u00bb#747d88&#8243; text_font_size=\u00bb16px\u00bb text_line_height=\u00bb1.8em\u00bb header_font=\u00bb||||||||\u00bb header_4_font=\u00bbMontserrat|600|||||||\u00bb header_4_font_size=\u00bb22px\u00bb animation_style=\u00bbfade\u00bb]<\/p>\n<h4>Virtualizaci\u00f3n de contenidos<\/h4>\n<p>Transformamos cualquier materia en contenidos pedag\u00f3gicos atractivos y motivadores. Sin perder de vista las necesidades formativas de cada proyecto y el personal al que se dirige, se piensa en la metodolog\u00eda did\u00e1ctica que precisa cada caso y se asignan los recursos gr\u00e1ficos y t\u00e9cnicos m\u00e1s adecuados para conseguir un aprendizaje activo, aut\u00f3nomo y permanente.<\/p>\n<p>[\/et_pb_text][et_pb_text _builder_version=\u00bb3.27.4&#8243; text_font=\u00bbMontserrat||||\u00bb text_text_color=\u00bb#747d88&#8243; text_font_size=\u00bb16px\u00bb text_line_height=\u00bb1.8em\u00bb header_font=\u00bb||||||||\u00bb header_4_font=\u00bbMontserrat|600|||||||\u00bb header_4_font_size=\u00bb22px\u00bb animation_style=\u00bbfade\u00bb]<\/p>\n<h4>Compatibles con cualquier plataforma LMS<\/h4>\n<p>Los curso o programas realizados son compatibles con cualquier plataforma LMS del mercado.<\/p>\n<p>[\/et_pb_text][\/et_pb_column][et_pb_column type=\u00bb1_3&#8243; _builder_version=\u00bb3.25&#8243; custom_padding=\u00bb|||\u00bb custom_padding__hover=\u00bb|||\u00bb][et_pb_text _builder_version=\u00bb3.27.4&#8243; text_font=\u00bbMontserrat||||\u00bb text_text_color=\u00bb#747d88&#8243; text_font_size=\u00bb16px\u00bb text_line_height=\u00bb1.8em\u00bb header_font=\u00bb||||||||\u00bb header_4_font=\u00bbMontserrat|600|||||||\u00bb header_4_font_size=\u00bb22px\u00bb animation_style=\u00bbfade\u00bb]<\/p>\n<h4>Compatibles con el est\u00e1ndar SCORM 1.2 \/ SCORM 2004<\/h4>\n<p>Empaquetadas en SCORM 1.2 \/ SCORM 2004 para reproducirlos desde cualquier plataforma LMS del mercado.<\/p>\n<p>[\/et_pb_text][et_pb_text _builder_version=\u00bb3.27.4&#8243; text_font=\u00bbMontserrat||||\u00bb text_text_color=\u00bb#747d88&#8243; text_font_size=\u00bb16px\u00bb text_line_height=\u00bb1.8em\u00bb header_font=\u00bb||||||||\u00bb header_4_font=\u00bbMontserrat|600|||||||\u00bb header_4_font_size=\u00bb22px\u00bb animation_style=\u00bbfade\u00bb locked=\u00bboff\u00bb]<\/p>\n<h4>Navegaci\u00f3n intuitiva para el usuario<\/h4>\n<p>Con controles de navegaci\u00f3n, indicaci\u00f3n de las pantallas ya visitadas y posibilidad de continuar el curso donde se dej\u00f3 la \u00faltima vez.<\/p>\n<p>[\/et_pb_text][et_pb_text _builder_version=\u00bb3.27.4&#8243; text_font=\u00bbMontserrat||||\u00bb text_text_color=\u00bb#747d88&#8243; text_font_size=\u00bb16px\u00bb text_line_height=\u00bb1.8em\u00bb header_font=\u00bb||||||||\u00bb header_4_font=\u00bbMontserrat|600|||||||\u00bb header_4_font_size=\u00bb22px\u00bb animation_style=\u00bbfade\u00bb locked=\u00bboff\u00bb][\/et_pb_text][\/et_pb_column][\/et_pb_row][\/et_pb_section][et_pb_section fb_built=\u00bb1&#8243; admin_label=\u00bbFun Fact Section\u00bb _builder_version=\u00bb3.22&#8243; background_color=\u00bb#fcd21d\u00bb custom_margin=\u00bb|||\u00bb custom_padding=\u00bb0px||28px|||\u00bb][et_pb_row column_structure=\u00bb1_2,1_2&#8243; admin_label=\u00bbStatistic Area\u00bb _builder_version=\u00bb3.25&#8243; locked=\u00bboff\u00bb][et_pb_column type=\u00bb1_2&#8243; _builder_version=\u00bb3.25&#8243; custom_padding=\u00bb|||\u00bb custom_padding__hover=\u00bb|||\u00bb][et_pb_text admin_label=\u00bbTitle\u00bb _builder_version=\u00bb3.27.4&#8243; text_font=\u00bbMontserrat||||||||\u00bb text_text_color=\u00bb#747d88&#8243; text_font_size=\u00bb16px\u00bb text_line_height=\u00bb1.9em\u00bb header_font=\u00bb||||||||\u00bb header_text_align=\u00bbleft\u00bb header_2_font=\u00bbMontserrat|700||on|||||\u00bb header_2_font_size=\u00bb42px\u00bb header_2_line_height=\u00bb1.3em\u00bb max_width=\u00bb700px\u00bb module_alignment=\u00bbcenter\u00bb custom_margin=\u00bb||30px|\u00bb animation_style=\u00bbslide\u00bb animation_direction=\u00bbbottom\u00bb animation_intensity_slide=\u00bb4%\u00bb locked=\u00bboff\u00bb]<\/p>\n<h2>LOS NUMEROS<\/h2>\n<p>[\/et_pb_text][\/et_pb_column][et_pb_column type=\u00bb1_2&#8243; _builder_version=\u00bb3.25&#8243; custom_padding=\u00bb8%|||\u00bb custom_padding__hover=\u00bb|||\u00bb][et_pb_counters bar_bg_color=\u00bb#353740&#8243; use_percentages=\u00bboff\u00bb _builder_version=\u00bb3.0.87&#8243; title_font=\u00bbMontserrat|||on|||||\u00bb title_text_color=\u00bb#353740&#8243; title_font_size=\u00bb12px\u00bb title_letter_spacing=\u00bb1px\u00bb title_line_height=\u00bb2em\u00bb percent_font_size=\u00bb1px\u00bb custom_padding=\u00bb|||\u00bb animation_style=\u00bbfold\u00bb animation_direction=\u00bbleft\u00bb][et_pb_counter percent=\u00bb90&#8243; _builder_version=\u00bb3.0.83&#8243; title_font=\u00bb||||||||\u00bb percent_font=\u00bb||||\u00bb background_color=\u00bb#fff7f7&#8243; custom_margin=\u00bb||35px|\u00bb custom_padding=\u00bb|||\u00bb background_enable_color_default=\u00bbon\u00bb parallax_default=\u00bboff\u00bb parallax_method_default=\u00bbon\u00bb bar_background_color_default=\u00bb#353740&#8243; use_percentages=\u00bboff\u00bb allow_player_pause_default=\u00bboff\u00bb]Conversion Rate &#8211; 90%<br \/>\n[\/et_pb_counter][et_pb_counter percent=\u00bb77&#8243; _builder_version=\u00bb3.0.83&#8243; title_font=\u00bb||||||||\u00bb percent_font=\u00bb||||\u00bb background_color=\u00bb#fffcfc\u00bb custom_margin=\u00bb||35px|\u00bb custom_padding=\u00bb|||\u00bb background_enable_color_default=\u00bbon\u00bb parallax_default=\u00bboff\u00bb parallax_method_default=\u00bbon\u00bb bar_background_color_default=\u00bb#353740&#8243; use_percentages=\u00bboff\u00bb allow_player_pause_default=\u00bboff\u00bb]Return Users &#8211; 77%<br \/>\n[\/et_pb_counter][et_pb_counter percent=\u00bb85%\u00bb _builder_version=\u00bb3.0.83&#8243; title_font=\u00bb||||||||\u00bb percent_font=\u00bb||||\u00bb background_color=\u00bb#fffcfc\u00bb custom_margin=\u00bb||35px|\u00bb custom_padding=\u00bb|||\u00bb background_enable_color_default=\u00bbon\u00bb parallax_default=\u00bboff\u00bb parallax_method_default=\u00bbon\u00bb bar_background_color_default=\u00bb#353740&#8243; use_percentages=\u00bboff\u00bb allow_player_pause_default=\u00bboff\u00bb]Social Following &#8211; 85%<br \/>\n[\/et_pb_counter][\/et_pb_counters][\/et_pb_column][\/et_pb_row][et_pb_row column_structure=\u00bb1_4,1_4,1_4,1_4&#8243; admin_label=\u00bbFun Fact\u00bb _builder_version=\u00bb3.25&#8243; custom_margin=\u00bb|||\u00bb custom_padding=\u00bb40px||40px|\u00bb animation_style=\u00bbzoom\u00bb animation_direction=\u00bbtop\u00bb animation_intensity_zoom=\u00bb10%\u00bb][et_pb_column type=\u00bb1_4&#8243; _builder_version=\u00bb3.25&#8243; custom_padding=\u00bb|||\u00bb custom_padding__hover=\u00bb|||\u00bb][et_pb_number_counter title=\u00bbn\u00famero de simuladores\u00bb number=\u00bb27&#8243; percent_sign=\u00bboff\u00bb _builder_version=\u00bb4.7.4&#8243; title_font=\u00bbMontserrat|||on|\u00bb title_text_color=\u00bb#353740&#8243; number_font=\u00bbMontserrat|on|||\u00bb number_text_color=\u00bb#ffffff\u00bb number_font_size=\u00bb60px\u00bb number_line_height=\u00bb90px\u00bb animation_style=\u00bbzoom\u00bb][\/et_pb_number_counter][\/et_pb_column][et_pb_column type=\u00bb1_4&#8243; _builder_version=\u00bb3.25&#8243; custom_padding=\u00bb|||\u00bb custom_padding__hover=\u00bb|||\u00bb][et_pb_number_counter title=\u00bbclientes satisfechos\u00bb number=\u00bb14&#8243; percent_sign=\u00bboff\u00bb _builder_version=\u00bb4.7.4&#8243; title_font=\u00bbMontserrat|||on|\u00bb title_text_color=\u00bb#353740&#8243; number_font=\u00bbMontserrat|on|||\u00bb number_text_color=\u00bb#ffffff\u00bb number_font_size=\u00bb60px\u00bb number_line_height=\u00bb90px\u00bb animation_style=\u00bbzoom\u00bb animation_delay=\u00bb100ms\u00bb][\/et_pb_number_counter][\/et_pb_column][et_pb_column type=\u00bb1_4&#8243; _builder_version=\u00bb3.25&#8243; custom_padding=\u00bb|||\u00bb custom_padding__hover=\u00bb|||\u00bb][et_pb_number_counter title=\u00bbproyectos en cursos\u00bb number=\u00bb5&#8243; percent_sign=\u00bboff\u00bb _builder_version=\u00bb4.7.4&#8243; title_font=\u00bbMontserrat|||on|\u00bb title_text_color=\u00bb#353740&#8243; number_font=\u00bbMontserrat|on|||\u00bb number_text_color=\u00bb#ffffff\u00bb number_font_size=\u00bb60px\u00bb number_line_height=\u00bb90px\u00bb animation_style=\u00bbzoom\u00bb animation_delay=\u00bb200ms\u00bb][\/et_pb_number_counter][\/et_pb_column][et_pb_column type=\u00bb1_4&#8243; _builder_version=\u00bb3.25&#8243; custom_padding=\u00bb|||\u00bb custom_padding__hover=\u00bb|||\u00bb][et_pb_number_counter title=\u00bbtazas de caf\u00e9\u00bb number=\u00bb1476&#8243; percent_sign=\u00bboff\u00bb _builder_version=\u00bb4.7.4&#8243; title_font=\u00bbMontserrat|||on|\u00bb title_text_color=\u00bb#353740&#8243; number_font=\u00bbMontserrat|on|||\u00bb number_text_color=\u00bb#ffffff\u00bb number_font_size=\u00bb60px\u00bb number_line_height=\u00bb90px\u00bb animation_style=\u00bbzoom\u00bb animation_delay=\u00bb300ms\u00bb][\/et_pb_number_counter][\/et_pb_column][\/et_pb_row][\/et_pb_section]<\/p>\n","protected":false},"excerpt":{"rendered":"<p>Aprende, experimenta y cuestiona constantementeLa receta del aprendizaje e-learningSalir de la zona de confort y entrar en la zona de aprendizajeRegistra el progreso de los usuarios en tu plataforma LMS Guarda los seguimientos del avance de los usuarios en el contenido, pudiendo comprobar el % visitado en cada acceso y la calificaci\u00f3n obtenida.Virtual Call Trainer [&hellip;]<\/p>\n","protected":false},"author":1,"featured_media":0,"parent":0,"menu_order":0,"comment_status":"closed","ping_status":"closed","template":"","meta":{"_et_pb_use_builder":"on","_et_pb_old_content":"","_et_gb_content_width":"","footnotes":""},"_links":{"self":[{"href":"https:\/\/www.rocasolutions.es\/index.php?rest_route=\/wp\/v2\/pages\/48"}],"collection":[{"href":"https:\/\/www.rocasolutions.es\/index.php?rest_route=\/wp\/v2\/pages"}],"about":[{"href":"https:\/\/www.rocasolutions.es\/index.php?rest_route=\/wp\/v2\/types\/page"}],"author":[{"embeddable":true,"href":"https:\/\/www.rocasolutions.es\/index.php?rest_route=\/wp\/v2\/users\/1"}],"replies":[{"embeddable":true,"href":"https:\/\/www.rocasolutions.es\/index.php?rest_route=%2Fwp%2Fv2%2Fcomments&post=48"}],"version-history":[{"count":24,"href":"https:\/\/www.rocasolutions.es\/index.php?rest_route=\/wp\/v2\/pages\/48\/revisions"}],"predecessor-version":[{"id":480,"href":"https:\/\/www.rocasolutions.es\/index.php?rest_route=\/wp\/v2\/pages\/48\/revisions\/480"}],"wp:attachment":[{"href":"https:\/\/www.rocasolutions.es\/index.php?rest_route=%2Fwp%2Fv2%2Fmedia&parent=48"}],"curies":[{"name":"wp","href":"https:\/\/api.w.org\/{rel}","templated":true}]}}